{"id":111,"date":"2024-07-15T12:49:16","date_gmt":"2024-07-15T10:49:16","guid":{"rendered":"https:\/\/geburtstag.boergener.de\/?page_id=111"},"modified":"2024-07-16T22:33:56","modified_gmt":"2024-07-16T20:33:56","slug":"kleider-batiken","status":"publish","type":"page","link":"https:\/\/geburtstag.boergener.de\/?page_id=111","title":{"rendered":"Kleider Workshop"},"content":{"rendered":"\n<p>Nora m\u00f6chte mit euch <strong>am Sonntag ab 13 Uhr<\/strong> T-Shirts mit Naturfarben f\u00e4rben.<\/p>\n\n\n\n<p>Sie wird T-Shirts f\u00fcr euch mitbringen, denn der Stoff muss vorbehandelt werden, damit die Farben beim Waschen nicht raus gehen.<\/p>\n\n\n\n<p>Der Workshop kostet 15 Euro inkl. T-Shirt.<\/p>\n","protected":false},"excerpt":{"rendered":"<p>Nora m\u00f6chte mit euch am Sonntag ab 13 Uhr T-Shirts mit Naturfarben f\u00e4rben. Sie wird T-Shirts f\u00fcr euch mitbringen, denn der Stoff muss vorbehandelt werden, damit die Farben beim Waschen nicht raus gehen. Der Workshop kostet 15 Euro inkl. T-Shirt.<\/p>\n","protected":false},"author":1,"featured_media":0,"parent":6,"menu_order":0,"comment_status":"closed","ping_status":"closed","template":"","meta":{"footnotes":""},"class_list":["post-111","page","type-page","status-publish","hentry"],"_links":{"self":[{"href":"https:\/\/geburtstag.boergener.de\/index.php?rest_route=\/wp\/v2\/pages\/111","targetHints":{"allow":["GET"]}}],"collection":[{"href":"https:\/\/geburtstag.boergener.de\/index.php?rest_route=\/wp\/v2\/pages"}],"about":[{"href":"https:\/\/geburtstag.boergener.de\/index.php?rest_route=\/wp\/v2\/types\/page"}],"author":[{"embeddable":true,"href":"https:\/\/geburtstag.boergener.de\/index.php?rest_route=\/wp\/v2\/users\/1"}],"replies":[{"embeddable":true,"href":"https:\/\/geburtstag.boergener.de\/index.php?rest_route=%2Fwp%2Fv2%2Fcomments&post=111"}],"version-history":[{"count":4,"href":"https:\/\/geburtstag.boergener.de\/index.php?rest_route=\/wp\/v2\/pages\/111\/revisions"}],"predecessor-version":[{"id":151,"href":"https:\/\/geburtstag.boergener.de\/index.php?rest_route=\/wp\/v2\/pages\/111\/revisions\/151"}],"up":[{"embeddable":true,"href":"https:\/\/geburtstag.boergener.de\/index.php?rest_route=\/wp\/v2\/pages\/6"}],"wp:attachment":[{"href":"https:\/\/geburtstag.boergener.de\/index.php?rest_route=%2Fwp%2Fv2%2Fmedia&parent=111"}],"curies":[{"name":"wp","href":"https:\/\/api.w.org\/{rel}","templated":true}]}}