{"id":13,"date":"2024-04-22T06:46:55","date_gmt":"2024-04-22T04:46:55","guid":{"rendered":"https:\/\/geburtstag.boergener.de\/?page_id=13"},"modified":"2024-07-16T22:30:47","modified_gmt":"2024-07-16T20:30:47","slug":"der-zeltplatz","status":"publish","type":"page","link":"https:\/\/geburtstag.boergener.de\/?page_id=13","title":{"rendered":"Zeltplatz &amp; \u00dcbernachtung"},"content":{"rendered":"\n<div class=\"wp-block-group alignfull has-global-padding is-layout-constrained wp-container-core-group-is-layout-72190d31 wp-block-group-is-layout-constrained\" style=\"margin-top:0;margin-bottom:0;padding-top:0;padding-right:0;padding-bottom:0;padding-left:0\">\n<div class=\"wp-block-group alignwide has-global-padding is-layout-constrained wp-container-core-group-is-layout-19e250f3 wp-block-group-is-layout-constrained\">\n<div style=\"height:64px\" aria-hidden=\"true\" class=\"wp-block-spacer\"><\/div>\n\n\n\n<div class=\"wp-block-columns alignwide is-layout-flex wp-container-core-columns-is-layout-d1c656ed wp-block-columns-is-layout-flex\">\n<div class=\"wp-block-column is-vertically-aligned-center is-layout-flow wp-block-column-is-layout-flow\" style=\"flex-basis:40%\">\n<h3 class=\"wp-block-heading is-style-default\" style=\"margin-right:var(--wp--preset--spacing--10);margin-left:var(--wp--preset--spacing--10)\">Zeltplatz Happach<\/h3>\n\n\n\n<p style=\"margin-right:var(--wp--preset--spacing--10);margin-left:var(--wp--preset--spacing--10)\">Seit \u00fcber 30 Jahren fahren wir mindestens einmal im Jahr auf diesen Campingplatz &#8211; zuverl\u00e4ssig &#8211; immer f\u00fcr ein tiefenentspanntes, gem\u00fctliches Pfingstwochenende mit Freunden.<\/p>\n\n\n\n<p style=\"margin-right:var(--wp--preset--spacing--10);margin-left:var(--wp--preset--spacing--10)\">Dieses Jahr wollen wir mit euch ein paar Tage hier verbringen und unsere Geburtstage feiern. Bringt gute Laune und Sonnenschein mit, dann kann nix mehr schief gehen.<\/p>\n<\/div>\n\n\n\n<div class=\"wp-block-column is-layout-flow wp-block-column-is-layout-flow\" style=\"flex-basis:50%\">\n<figure class=\"wp-block-image size-large is-style-rounded is-style-rounded--1\"><img loading=\"lazy\" decoding=\"async\" width=\"1024\" height=\"572\" src=\"https:\/\/geburtstag.boergener.de\/wp-content\/uploads\/2024\/04\/happach-1024x572.jpg\" alt=\"\" class=\"wp-image-31\" srcset=\"https:\/\/geburtstag.boergener.de\/wp-content\/uploads\/2024\/04\/happach-1024x572.jpg 1024w, https:\/\/geburtstag.boergener.de\/wp-content\/uploads\/2024\/04\/happach-300x168.jpg 300w, https:\/\/geburtstag.boergener.de\/wp-content\/uploads\/2024\/04\/happach-768x429.jpg 768w, https:\/\/geburtstag.boergener.de\/wp-content\/uploads\/2024\/04\/happach-1536x858.jpg 1536w, https:\/\/geburtstag.boergener.de\/wp-content\/uploads\/2024\/04\/happach-2048x1144.jpg 2048w\" sizes=\"auto, (max-width: 1024px) 100vw, 1024px\" \/><\/figure>\n<\/div>\n<\/div>\n\n\n\n<div style=\"height:var(--wp--preset--spacing--40)\" aria-hidden=\"true\" class=\"wp-block-spacer\"><\/div>\n\n\n\n<div class=\"wp-block-columns alignwide is-layout-flex wp-container-core-columns-is-layout-d1c656ed wp-block-columns-is-layout-flex\">\n<div class=\"wp-block-column is-layout-flow wp-block-column-is-layout-flow\" style=\"flex-basis:50%\">\n<figure class=\"wp-block-image size-large is-style-rounded is-style-rounded--2\"><img loading=\"lazy\" decoding=\"async\" width=\"1024\" height=\"614\" src=\"https:\/\/geburtstag.boergener.de\/wp-content\/uploads\/2024\/04\/shreyas-sane-4qEVz1mB420-unsplash-1-1024x614.jpg\" alt=\"\" class=\"wp-image-33\" srcset=\"https:\/\/geburtstag.boergener.de\/wp-content\/uploads\/2024\/04\/shreyas-sane-4qEVz1mB420-unsplash-1-1024x614.jpg 1024w, https:\/\/geburtstag.boergener.de\/wp-content\/uploads\/2024\/04\/shreyas-sane-4qEVz1mB420-unsplash-1-300x180.jpg 300w, https:\/\/geburtstag.boergener.de\/wp-content\/uploads\/2024\/04\/shreyas-sane-4qEVz1mB420-unsplash-1-768x460.jpg 768w, https:\/\/geburtstag.boergener.de\/wp-content\/uploads\/2024\/04\/shreyas-sane-4qEVz1mB420-unsplash-1.jpg 1331w\" sizes=\"auto, (max-width: 1024px) 100vw, 1024px\" \/><\/figure>\n<\/div>\n\n\n\n<div class=\"wp-block-column is-vertically-aligned-center is-layout-flow wp-block-column-is-layout-flow\" style=\"flex-basis:40%\">\n<h3 class=\"wp-block-heading is-style-default\" style=\"margin-right:var(--wp--preset--spacing--10);margin-left:var(--wp--preset--spacing--10)\">Deine \u00dcbernachtung<\/h3>\n\n\n\n<p style=\"margin-right:var(--wp--preset--spacing--10);margin-left:var(--wp--preset--spacing--10)\">Warum eigentlich nach Hause fahren?<br>Wir haben genug Platz f\u00fcr dich und dein Zelt!<\/p>\n\n\n\n<p style=\"margin-right:var(--wp--preset--spacing--10);margin-left:var(--wp--preset--spacing--10)\">Du hast kein Zelt? Auch kein Problem: In unseren Gemeinschaftszelten finden wir bestimmt noch ein Pl\u00e4tzchen f\u00fcr dich und deinen Schlafsack!<\/p>\n\n\n\n<p style=\"margin-right:var(--wp--preset--spacing--10);margin-left:var(--wp--preset--spacing--10)\">Nat\u00fcrlich kannst du gerne auch mit Wohnwagen oder Wohnmobil kommen.<br><br><a href=\"https:\/\/geburtstag.boergener.de\/?page_id=105\" data-type=\"page\" data-id=\"105\">Hier findest du alle Infos, was du mitbringen musst, wenn du bei uns \u00fcbernachtest.<\/a><\/p>\n<\/div>\n<\/div>\n<\/div>\n<\/div>\n","protected":false},"excerpt":{"rendered":"<p>Zeltplatz Happach Seit \u00fcber 30 Jahren fahren wir mindestens einmal im Jahr auf diesen Campingplatz &#8211; zuverl\u00e4ssig &#8211; immer f\u00fcr ein tiefenentspanntes, gem\u00fctliches Pfingstwochenende mit Freunden. Dieses Jahr wollen wir mit euch ein paar Tage hier verbringen und unsere Geburtstage feiern. Bringt gute Laune und Sonnenschein mit, dann kann nix mehr schief gehen. Deine \u00dcbernachtung [&hellip;]<\/p>\n","protected":false},"author":1,"featured_media":0,"parent":0,"menu_order":0,"comment_status":"closed","ping_status":"closed","template":"","meta":{"footnotes":""},"class_list":["post-13","page","type-page","status-publish","hentry"],"_links":{"self":[{"href":"https:\/\/geburtstag.boergener.de\/index.php?rest_route=\/wp\/v2\/pages\/13","targetHints":{"allow":["GET"]}}],"collection":[{"href":"https:\/\/geburtstag.boergener.de\/index.php?rest_route=\/wp\/v2\/pages"}],"about":[{"href":"https:\/\/geburtstag.boergener.de\/index.php?rest_route=\/wp\/v2\/types\/page"}],"author":[{"embeddable":true,"href":"https:\/\/geburtstag.boergener.de\/index.php?rest_route=\/wp\/v2\/users\/1"}],"replies":[{"embeddable":true,"href":"https:\/\/geburtstag.boergener.de\/index.php?rest_route=%2Fwp%2Fv2%2Fcomments&post=13"}],"version-history":[{"count":6,"href":"https:\/\/geburtstag.boergener.de\/index.php?rest_route=\/wp\/v2\/pages\/13\/revisions"}],"predecessor-version":[{"id":148,"href":"https:\/\/geburtstag.boergener.de\/index.php?rest_route=\/wp\/v2\/pages\/13\/revisions\/148"}],"wp:attachment":[{"href":"https:\/\/geburtstag.boergener.de\/index.php?rest_route=%2Fwp%2Fv2%2Fmedia&parent=13"}],"curies":[{"name":"wp","href":"https:\/\/api.w.org\/{rel}","templated":true}]}}