{"id":138,"date":"2024-07-16T11:53:33","date_gmt":"2024-07-16T09:53:33","guid":{"rendered":"https:\/\/geburtstag.boergener.de\/?page_id=138"},"modified":"2024-07-16T22:57:13","modified_gmt":"2024-07-16T20:57:13","slug":"parken","status":"publish","type":"page","link":"https:\/\/geburtstag.boergener.de\/?page_id=138","title":{"rendered":"Anreise &amp; Parken"},"content":{"rendered":"\n<h3 class=\"wp-block-heading\">Anreise mit der Bahn<\/h3>\n\n\n\n<p>Fahre bis Haltestelle &#8222;Eitorf&#8220;.<\/p>\n\n\n\n<p>Wenn du mit der S12 aus Richtung Siegburg \/ K\u00f6ln kommst, dann bieten wir dir einen Shuttelservice an und sammeln dich mit dem Auto in Eitorf ein (also immer um <strong>09:17<\/strong>, <strong>10:17<\/strong>, <strong>11:17<\/strong> usw&#8230;).<\/p>\n\n\n\n<h3 class=\"wp-block-heading\">Anreise mit dem Auto<\/h3>\n\n\n\n<p>Wenn du mit dem Auto anreist, gibt als Ziel &#8222;<a href=\"https:\/\/maps.app.goo.gl\/Qz9nE58rWdpoHTHD7\" data-type=\"link\" data-id=\"https:\/\/maps.app.goo.gl\/Qz9nE58rWdpoHTHD7\">Camping Happach<\/a>&#8220; in dein Navigationssystem ein.<\/p>\n\n\n\n<p><strong>Als Tagesgast:<\/strong> Parke auf der lila markierten Stra\u00dfe am rechten Stra\u00dfenrand bzw. auf dem Parplatz am Anfang der lila markierten Stra\u00dfe.<\/p>\n\n\n\n<p><strong>Als \u00dcbernachtungsgast:<\/strong> Fahre bitte bis zum organge markierten Geburtsgel\u00e4nde durch und ruf uns an. Du bekommst dann einen Parkplatz zugewiesen.<\/p>\n\n\n\n<figure class=\"wp-block-image size-large\"><img loading=\"lazy\" decoding=\"async\" width=\"1024\" height=\"871\" src=\"https:\/\/geburtstag.boergener.de\/wp-content\/uploads\/2024\/07\/grafik-1024x871.png\" alt=\"\" class=\"wp-image-160\" srcset=\"https:\/\/geburtstag.boergener.de\/wp-content\/uploads\/2024\/07\/grafik-1024x871.png 1024w, https:\/\/geburtstag.boergener.de\/wp-content\/uploads\/2024\/07\/grafik-300x255.png 300w, https:\/\/geburtstag.boergener.de\/wp-content\/uploads\/2024\/07\/grafik-768x653.png 768w, https:\/\/geburtstag.boergener.de\/wp-content\/uploads\/2024\/07\/grafik.png 1370w\" sizes=\"auto, (max-width: 1024px) 100vw, 1024px\" \/><\/figure>\n","protected":false},"excerpt":{"rendered":"<p>Anreise mit der Bahn Fahre bis Haltestelle &#8222;Eitorf&#8220;. Wenn du mit der S12 aus Richtung Siegburg \/ K\u00f6ln kommst, dann bieten wir dir einen Shuttelservice an und sammeln dich mit dem Auto in Eitorf ein (also immer um 09:17, 10:17, 11:17 usw&#8230;). Anreise mit dem Auto Wenn du mit dem Auto anreist, gibt als Ziel [&hellip;]<\/p>\n","protected":false},"author":1,"featured_media":0,"parent":0,"menu_order":0,"comment_status":"closed","ping_status":"closed","template":"","meta":{"footnotes":""},"class_list":["post-138","page","type-page","status-publish","hentry"],"_links":{"self":[{"href":"https:\/\/geburtstag.boergener.de\/index.php?rest_route=\/wp\/v2\/pages\/138","targetHints":{"allow":["GET"]}}],"collection":[{"href":"https:\/\/geburtstag.boergener.de\/index.php?rest_route=\/wp\/v2\/pages"}],"about":[{"href":"https:\/\/geburtstag.boergener.de\/index.php?rest_route=\/wp\/v2\/types\/page"}],"author":[{"embeddable":true,"href":"https:\/\/geburtstag.boergener.de\/index.php?rest_route=\/wp\/v2\/users\/1"}],"replies":[{"embeddable":true,"href":"https:\/\/geburtstag.boergener.de\/index.php?rest_route=%2Fwp%2Fv2%2Fcomments&post=138"}],"version-history":[{"count":3,"href":"https:\/\/geburtstag.boergener.de\/index.php?rest_route=\/wp\/v2\/pages\/138\/revisions"}],"predecessor-version":[{"id":163,"href":"https:\/\/geburtstag.boergener.de\/index.php?rest_route=\/wp\/v2\/pages\/138\/revisions\/163"}],"wp:attachment":[{"href":"https:\/\/geburtstag.boergener.de\/index.php?rest_route=%2Fwp%2Fv2%2Fmedia&parent=138"}],"curies":[{"name":"wp","href":"https:\/\/api.w.org\/{rel}","templated":true}]}}