{"id":19,"date":"2024-04-22T06:51:17","date_gmt":"2024-04-22T04:51:17","guid":{"rendered":"https:\/\/geburtstag.boergener.de\/?page_id=19"},"modified":"2024-07-16T22:38:13","modified_gmt":"2024-07-16T20:38:13","slug":"startseite","status":"publish","type":"page","link":"https:\/\/geburtstag.boergener.de\/","title":{"rendered":"Wir freuen uns, mit euch zu feiern!"},"content":{"rendered":"\n<h1 class=\"wp-block-heading has-text-align-center\">60 + 30<\/h1>\n\n\n\n<h3 class=\"wp-block-heading has-text-align-center\">das ist ein Event wert<br>und zwar vom 19. bis 22. Juli<\/h3>\n\n\n\n<p><\/p>\n\n\n\n<p class=\"has-text-align-center\"><a href=\"https:\/\/geburtstag.boergener.de\/?page_id=107\" data-type=\"page\" data-id=\"107\">Du bist dabei? <\/a><br><a href=\"https:\/\/geburtstag.boergener.de\/?page_id=107\" data-type=\"page\" data-id=\"107\">Hier findest du eine Liste mit Dingen, die du unbedingt mitbringen solltest!<\/a><\/p>\n\n\n\n<div class=\"wp-block-group alignfull has-global-padding is-layout-constrained wp-container-core-group-is-layout-b25ccd55 wp-block-group-is-layout-constrained\" style=\"margin-top:0;margin-bottom:0;padding-top:var(--wp--preset--spacing--50);padding-right:var(--wp--preset--spacing--50);padding-bottom:var(--wp--preset--spacing--50);padding-left:var(--wp--preset--spacing--50)\">\n<div class=\"wp-block-columns alignwide is-layout-flex wp-container-core-columns-is-layout-ff4b9c61 wp-block-columns-is-layout-flex\" style=\"margin-top:0;margin-bottom:0\">\n<div class=\"wp-block-column is-layout-flow wp-container-core-column-is-layout-8a368f38 wp-block-column-is-layout-flow\">\n<p class=\"has-text-align-center\" style=\"margin-top:var(--wp--preset--spacing--40);margin-bottom:var(--wp--preset--spacing--40)\">Da ist ein Geburtstagskurzurlaub mit allen<br>Freunden und Verwandten genau das Richtige.<\/p>\n\n\n\n<figure class=\"wp-block-image size-large is-style-rounded is-style-rounded--1\"><img loading=\"lazy\" decoding=\"async\" width=\"658\" height=\"1024\" src=\"https:\/\/geburtstag.boergener.de\/wp-content\/uploads\/2024\/04\/Bilder-GebFete2-658x1024.jpg\" alt=\"\" class=\"wp-image-63\" style=\"aspect-ratio:3\/4;object-fit:cover\" srcset=\"https:\/\/geburtstag.boergener.de\/wp-content\/uploads\/2024\/04\/Bilder-GebFete2-658x1024.jpg 658w, https:\/\/geburtstag.boergener.de\/wp-content\/uploads\/2024\/04\/Bilder-GebFete2-193x300.jpg 193w, https:\/\/geburtstag.boergener.de\/wp-content\/uploads\/2024\/04\/Bilder-GebFete2.jpg 688w\" sizes=\"auto, (max-width: 658px) 100vw, 658px\" \/><\/figure>\n\n\n\n<p style=\"margin-top:var(--wp--preset--spacing--40);margin-bottom:var(--wp--preset--spacing--40)\">Ihr k\u00f6nnt frei entscheiden, wann ihr kommt, wie lange ihr bleibt, ob ihr \u00fcbernachten m\u00f6chtet oder am n\u00e4chsten Tag wieder kommen wollt.<\/p>\n\n\n\n<figure class=\"wp-block-image size-full is-style-rounded is-style-rounded--2\"><img loading=\"lazy\" decoding=\"async\" width=\"492\" height=\"520\" src=\"https:\/\/geburtstag.boergener.de\/wp-content\/uploads\/2024\/04\/Bilder-GebFete5.jpg\" alt=\"\" class=\"wp-image-60\" style=\"aspect-ratio:1;object-fit:cover\" srcset=\"https:\/\/geburtstag.boergener.de\/wp-content\/uploads\/2024\/04\/Bilder-GebFete5.jpg 492w, https:\/\/geburtstag.boergener.de\/wp-content\/uploads\/2024\/04\/Bilder-GebFete5-284x300.jpg 284w\" sizes=\"auto, (max-width: 492px) 100vw, 492px\" \/><\/figure>\n<\/div>\n\n\n\n<div class=\"wp-block-column is-layout-flow wp-container-core-column-is-layout-8a368f38 wp-block-column-is-layout-flow\">\n<figure class=\"wp-block-image size-large is-style-rounded is-style-rounded--3\"><img loading=\"lazy\" decoding=\"async\" width=\"1430\" height=\"1050\" src=\"https:\/\/geburtstag.boergener.de\/wp-content\/uploads\/2024\/04\/1713454602322-45bac6d4-5092-4c5c-8980-6c70d6c2bfd5_-edited.jpg\" alt=\"\" class=\"wp-image-67\" style=\"aspect-ratio:4\/3;object-fit:cover\" srcset=\"https:\/\/geburtstag.boergener.de\/wp-content\/uploads\/2024\/04\/1713454602322-45bac6d4-5092-4c5c-8980-6c70d6c2bfd5_-edited.jpg 1430w, https:\/\/geburtstag.boergener.de\/wp-content\/uploads\/2024\/04\/1713454602322-45bac6d4-5092-4c5c-8980-6c70d6c2bfd5_-edited-300x220.jpg 300w, https:\/\/geburtstag.boergener.de\/wp-content\/uploads\/2024\/04\/1713454602322-45bac6d4-5092-4c5c-8980-6c70d6c2bfd5_-edited-1024x752.jpg 1024w, https:\/\/geburtstag.boergener.de\/wp-content\/uploads\/2024\/04\/1713454602322-45bac6d4-5092-4c5c-8980-6c70d6c2bfd5_-edited-768x564.jpg 768w\" sizes=\"auto, (max-width: 1430px) 100vw, 1430px\" \/><\/figure>\n\n\n\n<p style=\"margin-top:var(--wp--preset--spacing--40);margin-bottom:var(--wp--preset--spacing--40)\">Wir werden genug Zeit f\u00fcreinander haben. Das ist das Wichtigste. Und Spa\u00df und Spiel und Entspannung. Die Details erfahrt ihr, wenn ihr euch die anderen Seiten hier anschaut. Gaaanz lieben Dank an alle, die eine Aktion anbieten.<\/p>\n\n\n\n<figure class=\"wp-block-image size-large is-style-rounded is-style-rounded--4\"><img loading=\"lazy\" decoding=\"async\" width=\"1024\" height=\"789\" src=\"https:\/\/geburtstag.boergener.de\/wp-content\/uploads\/2024\/04\/Bilder-GebFete7-1024x789.jpg\" alt=\"\" class=\"wp-image-58\" style=\"aspect-ratio:3\/4;object-fit:cover\" srcset=\"https:\/\/geburtstag.boergener.de\/wp-content\/uploads\/2024\/04\/Bilder-GebFete7-1024x789.jpg 1024w, https:\/\/geburtstag.boergener.de\/wp-content\/uploads\/2024\/04\/Bilder-GebFete7-300x231.jpg 300w, https:\/\/geburtstag.boergener.de\/wp-content\/uploads\/2024\/04\/Bilder-GebFete7-768x591.jpg 768w, https:\/\/geburtstag.boergener.de\/wp-content\/uploads\/2024\/04\/Bilder-GebFete7.jpg 1344w\" sizes=\"auto, (max-width: 1024px) 100vw, 1024px\" \/><\/figure>\n\n\n\n<p class=\"has-text-align-center has-medium-font-size\" style=\"margin-top:var(--wp--preset--spacing--40);margin-bottom:var(--wp--preset--spacing--30)\"><strong>Wir haben nur eine Bitte:<\/strong><br>Bitte meldet euch schnell an.<br>So k\u00f6nnen wir planen.<\/p>\n\n\n\n<div class=\"wp-block-buttons is-content-justification-center is-layout-flex wp-container-core-buttons-is-layout-a89b3969 wp-block-buttons-is-layout-flex\">\n<div class=\"wp-block-button has-custom-font-size has-large-font-size\"><a class=\"wp-block-button__link has-text-align-center wp-element-button\" href=\"https:\/\/geburtstag.boergener.de\/?page_id=9\">Jetzt anmelden!<\/a><\/div>\n<\/div>\n<\/div>\n<\/div>\n<\/div>\n","protected":false},"excerpt":{"rendered":"<p>60 + 30 das ist ein Event wertund zwar vom 19. bis 22. Juli Du bist dabei? Hier findest du eine Liste mit Dingen, die du unbedingt mitbringen solltest! Da ist ein Geburtstagskurzurlaub mit allenFreunden und Verwandten genau das Richtige. Ihr k\u00f6nnt frei entscheiden, wann ihr kommt, wie lange ihr bleibt, ob ihr \u00fcbernachten m\u00f6chtet [&hellip;]<\/p>\n","protected":false},"author":1,"featured_media":0,"parent":0,"menu_order":0,"comment_status":"closed","ping_status":"closed","template":"","meta":{"footnotes":""},"class_list":["post-19","page","type-page","status-publish","hentry"],"_links":{"self":[{"href":"https:\/\/geburtstag.boergener.de\/index.php?rest_route=\/wp\/v2\/pages\/19","targetHints":{"allow":["GET"]}}],"collection":[{"href":"https:\/\/geburtstag.boergener.de\/index.php?rest_route=\/wp\/v2\/pages"}],"about":[{"href":"https:\/\/geburtstag.boergener.de\/index.php?rest_route=\/wp\/v2\/types\/page"}],"author":[{"embeddable":true,"href":"https:\/\/geburtstag.boergener.de\/index.php?rest_route=\/wp\/v2\/users\/1"}],"replies":[{"embeddable":true,"href":"https:\/\/geburtstag.boergener.de\/index.php?rest_route=%2Fwp%2Fv2%2Fcomments&post=19"}],"version-history":[{"count":16,"href":"https:\/\/geburtstag.boergener.de\/index.php?rest_route=\/wp\/v2\/pages\/19\/revisions"}],"predecessor-version":[{"id":155,"href":"https:\/\/geburtstag.boergener.de\/index.php?rest_route=\/wp\/v2\/pages\/19\/revisions\/155"}],"wp:attachment":[{"href":"https:\/\/geburtstag.boergener.de\/index.php?rest_route=%2Fwp%2Fv2%2Fmedia&parent=19"}],"curies":[{"name":"wp","href":"https:\/\/api.w.org\/{rel}","templated":true}]}}